{"id":1787,"date":"2022-09-16T07:52:52","date_gmt":"2022-09-16T07:52:52","guid":{"rendered":"https:\/\/staging.rxkcapital.com\/help-centre\/"},"modified":"2022-10-11T12:33:49","modified_gmt":"2022-10-11T12:33:49","slug":"help-centre","status":"publish","type":"page","link":"https:\/\/rxkcapital.rudetings.com\/fr\/help-centre\/","title":{"rendered":"Help Centre"},"content":{"rendered":"","protected":false},"excerpt":{"rendered":"","protected":false},"author":1,"featured_media":0,"parent":0,"menu_order":0,"comment_status":"closed","ping_status":"closed","template":"page-help-centre.php","meta":{"inline_featured_image":false,"footnotes":""},"class_list":["post-1787","page","type-page","status-publish","hentry"],"acf":[],"yoast_head":"<!-- This site is optimized with the Yoast SEO plugin v19.6.1 - https:\/\/yoast.com\/wordpress\/plugins\/seo\/ -->\n<title>RXK - Centre d&#039;aide<\/title>\n<meta name=\"description\" content=\"Bienvenue dans le centre d&#039;aide RXK, o\u00f9 toutes vos questions relatives au compte RXK sont r\u00e9pondues, ainsi que certaines questions \u00e9ducatives sur le trading. Besoin d&#039;aide? Vous \u00eates au bon endroit!\" \/>\n<meta name=\"robots\" content=\"noindex, follow, max-snippet:-1, max-image-preview:large, max-video-preview:-1\" \/>\n<meta property=\"og:locale\" content=\"fr_FR\" \/>\n<meta property=\"og:type\" content=\"article\" \/>\n<meta property=\"og:title\" content=\"RXK - Centre d&#039;aide\" \/>\n<meta property=\"og:description\" content=\"Bienvenue dans le centre d&#039;aide RXK, o\u00f9 toutes vos questions relatives au compte RXK sont r\u00e9pondues, ainsi que certaines questions \u00e9ducatives sur le trading. Besoin d&#039;aide? Vous \u00eates au bon endroit !\" \/>\n<meta property=\"og:url\" content=\"https:\/\/rxkcapital.rudetings.com\/fr\/help-centre\/\" \/>\n<meta property=\"og:site_name\" content=\"staging.rxkcapital.com\" \/>\n<meta property=\"article:modified_time\" content=\"2022-10-11T12:33:49+00:00\" \/>\n<meta name=\"twitter:card\" content=\"summary_large_image\" \/>\n<meta name=\"twitter:title\" content=\"RXK - Centre d&#039;aide\" \/>\n<meta name=\"twitter:description\" content=\"Bienvenue dans le centre d&#039;aide RXK, o\u00f9 toutes vos questions relatives au compte RXK sont r\u00e9pondues, ainsi que certaines questions \u00e9ducatives sur le trading. Besoin d&#039;aide? Vous \u00eates au bon endroit !\" \/>\n<script type=\"application\/ld+json\" class=\"yoast-schema-graph\">{\"@context\":\"https:\/\/schema.org\",\"@graph\":[{\"@type\":\"WebPage\",\"@id\":\"https:\/\/rxkcapital.rudetings.com\/fr\/help-centre\/\",\"url\":\"https:\/\/rxkcapital.rudetings.com\/fr\/help-centre\/\",\"name\":\"RXK - Centre d'aide\",\"isPartOf\":{\"@id\":\"https:\/\/rxkcapital.rudetings.com\/#website\"},\"datePublished\":\"2022-09-16T07:52:52+00:00\",\"dateModified\":\"2022-10-11T12:33:49+00:00\",\"description\":\"Bienvenue dans le centre d'aide RXK, o\u00f9 toutes vos questions relatives au compte RXK sont r\u00e9pondues, ainsi que certaines questions \u00e9ducatives sur le trading. Besoin d'aide? Vous \u00eates au bon endroit!\",\"breadcrumb\":{\"@id\":\"https:\/\/rxkcapital.rudetings.com\/fr\/help-centre\/#breadcrumb\"},\"inLanguage\":\"fr-FR\",\"potentialAction\":[{\"@type\":\"ReadAction\",\"target\":[\"https:\/\/rxkcapital.rudetings.com\/fr\/help-centre\/\"]}]},{\"@type\":\"BreadcrumbList\",\"@id\":\"https:\/\/rxkcapital.rudetings.com\/fr\/help-centre\/#breadcrumb\",\"itemListElement\":[{\"@type\":\"ListItem\",\"position\":1,\"name\":\"Home\",\"item\":\"https:\/\/rxkcapital.rudetings.com\/fr\/\"},{\"@type\":\"ListItem\",\"position\":2,\"name\":\"Help Centre\"}]},{\"@type\":\"WebSite\",\"@id\":\"https:\/\/rxkcapital.rudetings.com\/#website\",\"url\":\"https:\/\/rxkcapital.rudetings.com\/\",\"name\":\"staging.rxkcapital.com\",\"description\":\"Just another WordPress site\",\"potentialAction\":[{\"@type\":\"SearchAction\",\"target\":{\"@type\":\"EntryPoint\",\"urlTemplate\":\"https:\/\/rxkcapital.rudetings.com\/?s={search_term_string}\"},\"query-input\":\"required name=search_term_string\"}],\"inLanguage\":\"fr-FR\"}]}<\/script>\n<!-- \/ Yoast SEO plugin. -->","yoast_head_json":{"title":"RXK - Centre d'aide","description":"Bienvenue dans le centre d'aide RXK, o\u00f9 toutes vos questions relatives au compte RXK sont r\u00e9pondues, ainsi que certaines questions \u00e9ducatives sur le trading. Besoin d'aide? Vous \u00eates au bon endroit!","robots":{"index":"noindex","follow":"follow","max-snippet":"max-snippet:-1","max-image-preview":"max-image-preview:large","max-video-preview":"max-video-preview:-1"},"og_locale":"fr_FR","og_type":"article","og_title":"RXK - Centre d'aide","og_description":"Bienvenue dans le centre d'aide RXK, o\u00f9 toutes vos questions relatives au compte RXK sont r\u00e9pondues, ainsi que certaines questions \u00e9ducatives sur le trading. Besoin d'aide? Vous \u00eates au bon endroit !","og_url":"https:\/\/rxkcapital.rudetings.com\/fr\/help-centre\/","og_site_name":"staging.rxkcapital.com","article_modified_time":"2022-10-11T12:33:49+00:00","twitter_card":"summary_large_image","twitter_title":"RXK - Centre d'aide","twitter_description":"Bienvenue dans le centre d'aide RXK, o\u00f9 toutes vos questions relatives au compte RXK sont r\u00e9pondues, ainsi que certaines questions \u00e9ducatives sur le trading. Besoin d'aide? Vous \u00eates au bon endroit !","schema":{"@context":"https:\/\/schema.org","@graph":[{"@type":"WebPage","@id":"https:\/\/rxkcapital.rudetings.com\/fr\/help-centre\/","url":"https:\/\/rxkcapital.rudetings.com\/fr\/help-centre\/","name":"RXK - Centre d'aide","isPartOf":{"@id":"https:\/\/rxkcapital.rudetings.com\/#website"},"datePublished":"2022-09-16T07:52:52+00:00","dateModified":"2022-10-11T12:33:49+00:00","description":"Bienvenue dans le centre d'aide RXK, o\u00f9 toutes vos questions relatives au compte RXK sont r\u00e9pondues, ainsi que certaines questions \u00e9ducatives sur le trading. Besoin d'aide? Vous \u00eates au bon endroit!","breadcrumb":{"@id":"https:\/\/rxkcapital.rudetings.com\/fr\/help-centre\/#breadcrumb"},"inLanguage":"fr-FR","potentialAction":[{"@type":"ReadAction","target":["https:\/\/rxkcapital.rudetings.com\/fr\/help-centre\/"]}]},{"@type":"BreadcrumbList","@id":"https:\/\/rxkcapital.rudetings.com\/fr\/help-centre\/#breadcrumb","itemListElement":[{"@type":"ListItem","position":1,"name":"Home","item":"https:\/\/rxkcapital.rudetings.com\/fr\/"},{"@type":"ListItem","position":2,"name":"Help Centre"}]},{"@type":"WebSite","@id":"https:\/\/rxkcapital.rudetings.com\/#website","url":"https:\/\/rxkcapital.rudetings.com\/","name":"staging.rxkcapital.com","description":"Just another WordPress site","potentialAction":[{"@type":"SearchAction","target":{"@type":"EntryPoint","urlTemplate":"https:\/\/rxkcapital.rudetings.com\/?s={search_term_string}"},"query-input":"required name=search_term_string"}],"inLanguage":"fr-FR"}]}},"_links":{"self":[{"href":"https:\/\/rxkcapital.rudetings.com\/fr\/wp-json\/wp\/v2\/pages\/1787","targetHints":{"allow":["GET"]}}],"collection":[{"href":"https:\/\/rxkcapital.rudetings.com\/fr\/wp-json\/wp\/v2\/pages"}],"about":[{"href":"https:\/\/rxkcapital.rudetings.com\/fr\/wp-json\/wp\/v2\/types\/page"}],"author":[{"embeddable":true,"href":"https:\/\/rxkcapital.rudetings.com\/fr\/wp-json\/wp\/v2\/users\/1"}],"replies":[{"embeddable":true,"href":"https:\/\/rxkcapital.rudetings.com\/fr\/wp-json\/wp\/v2\/comments?post=1787"}],"version-history":[{"count":0,"href":"https:\/\/rxkcapital.rudetings.com\/fr\/wp-json\/wp\/v2\/pages\/1787\/revisions"}],"wp:attachment":[{"href":"https:\/\/rxkcapital.rudetings.com\/fr\/wp-json\/wp\/v2\/media?parent=1787"}],"curies":[{"name":"wp","href":"https:\/\/api.w.org\/{rel}","templated":true}]}}