{"id":1771,"date":"2022-09-16T07:57:33","date_gmt":"2022-09-16T07:57:33","guid":{"rendered":"https:\/\/staging.rxkcapital.com\/funding-your-account\/"},"modified":"2022-10-07T11:01:45","modified_gmt":"2022-10-07T11:01:45","slug":"funding-your-account","status":"publish","type":"page","link":"https:\/\/rxkcapital.rudetings.com\/fr\/funding-your-account\/","title":{"rendered":"Deposits and Withdrawals"},"content":{"rendered":"","protected":false},"excerpt":{"rendered":"","protected":false},"author":1,"featured_media":0,"parent":0,"menu_order":0,"comment_status":"closed","ping_status":"closed","template":"page-deposit.php","meta":{"inline_featured_image":false,"footnotes":""},"class_list":["post-1771","page","type-page","status-publish","hentry"],"acf":[],"yoast_head":"<!-- This site is optimized with the Yoast SEO plugin v19.6.1 - https:\/\/yoast.com\/wordpress\/plugins\/seo\/ -->\n<title>Financez Votre Compte RXK Maintenant! Retirez et D\u00e9posez Tr\u00e8s Facilement!<\/title>\n<meta name=\"description\" content=\"Que vous souhaitiez d\u00e9poser ou retirer sur votre compte de trading RXK, le processus est super facile! Tous vos processus de financement dans vos comptes RXK sont simples!\" \/>\n<meta name=\"robots\" content=\"noindex, follow, max-snippet:-1, max-image-preview:large, max-video-preview:-1\" \/>\n<meta property=\"og:locale\" content=\"fr_FR\" \/>\n<meta property=\"og:type\" content=\"article\" \/>\n<meta property=\"og:title\" content=\"Financez Votre Compte RXK Maintenant ! Retirez et D\u00e9posez Tr\u00e8s Facilement !\" \/>\n<meta property=\"og:description\" content=\"Que vous souhaitiez d\u00e9poser ou retirer sur votre compte de trading RXK, le processus est super facile ! Tous vos processus de financement dans vos comptes RXK sont simples !\" \/>\n<meta property=\"og:url\" content=\"https:\/\/rxkcapital.rudetings.com\/fr\/funding-your-account\/\" \/>\n<meta property=\"og:site_name\" content=\"staging.rxkcapital.com\" \/>\n<meta property=\"article:modified_time\" content=\"2022-10-07T11:01:45+00:00\" \/>\n<meta name=\"twitter:card\" content=\"summary_large_image\" \/>\n<meta name=\"twitter:title\" content=\"Financez Votre Compte RXK Maintenant ! Retirez et D\u00e9posez Tr\u00e8s Facilement !\" \/>\n<meta name=\"twitter:description\" content=\"Que vous souhaitiez d\u00e9poser ou retirer sur votre compte de trading RXK, le processus est super facile ! Tous vos processus de financement dans vos comptes RXK sont simples !\" \/>\n<script type=\"application\/ld+json\" class=\"yoast-schema-graph\">{\"@context\":\"https:\/\/schema.org\",\"@graph\":[{\"@type\":\"WebPage\",\"@id\":\"https:\/\/rxkcapital.rudetings.com\/fr\/funding-your-account\/\",\"url\":\"https:\/\/rxkcapital.rudetings.com\/fr\/funding-your-account\/\",\"name\":\"Financez Votre Compte RXK Maintenant! Retirez et D\u00e9posez Tr\u00e8s Facilement!\",\"isPartOf\":{\"@id\":\"https:\/\/rxkcapital.rudetings.com\/#website\"},\"datePublished\":\"2022-09-16T07:57:33+00:00\",\"dateModified\":\"2022-10-07T11:01:45+00:00\",\"description\":\"Que vous souhaitiez d\u00e9poser ou retirer sur votre compte de trading RXK, le processus est super facile! Tous vos processus de financement dans vos comptes RXK sont simples!\",\"breadcrumb\":{\"@id\":\"https:\/\/rxkcapital.rudetings.com\/fr\/funding-your-account\/#breadcrumb\"},\"inLanguage\":\"fr-FR\",\"potentialAction\":[{\"@type\":\"ReadAction\",\"target\":[\"https:\/\/rxkcapital.rudetings.com\/fr\/funding-your-account\/\"]}]},{\"@type\":\"BreadcrumbList\",\"@id\":\"https:\/\/rxkcapital.rudetings.com\/fr\/funding-your-account\/#breadcrumb\",\"itemListElement\":[{\"@type\":\"ListItem\",\"position\":1,\"name\":\"Home\",\"item\":\"https:\/\/rxkcapital.rudetings.com\/fr\/\"},{\"@type\":\"ListItem\",\"position\":2,\"name\":\"Deposits and Withdrawals\"}]},{\"@type\":\"WebSite\",\"@id\":\"https:\/\/rxkcapital.rudetings.com\/#website\",\"url\":\"https:\/\/rxkcapital.rudetings.com\/\",\"name\":\"staging.rxkcapital.com\",\"description\":\"Just another WordPress site\",\"potentialAction\":[{\"@type\":\"SearchAction\",\"target\":{\"@type\":\"EntryPoint\",\"urlTemplate\":\"https:\/\/rxkcapital.rudetings.com\/?s={search_term_string}\"},\"query-input\":\"required name=search_term_string\"}],\"inLanguage\":\"fr-FR\"}]}<\/script>\n<!-- \/ Yoast SEO plugin. -->","yoast_head_json":{"title":"Financez Votre Compte RXK Maintenant! Retirez et D\u00e9posez Tr\u00e8s Facilement!","description":"Que vous souhaitiez d\u00e9poser ou retirer sur votre compte de trading RXK, le processus est super facile! Tous vos processus de financement dans vos comptes RXK sont simples!","robots":{"index":"noindex","follow":"follow","max-snippet":"max-snippet:-1","max-image-preview":"max-image-preview:large","max-video-preview":"max-video-preview:-1"},"og_locale":"fr_FR","og_type":"article","og_title":"Financez Votre Compte RXK Maintenant ! Retirez et D\u00e9posez Tr\u00e8s Facilement !","og_description":"Que vous souhaitiez d\u00e9poser ou retirer sur votre compte de trading RXK, le processus est super facile ! Tous vos processus de financement dans vos comptes RXK sont simples !","og_url":"https:\/\/rxkcapital.rudetings.com\/fr\/funding-your-account\/","og_site_name":"staging.rxkcapital.com","article_modified_time":"2022-10-07T11:01:45+00:00","twitter_card":"summary_large_image","twitter_title":"Financez Votre Compte RXK Maintenant ! Retirez et D\u00e9posez Tr\u00e8s Facilement !","twitter_description":"Que vous souhaitiez d\u00e9poser ou retirer sur votre compte de trading RXK, le processus est super facile ! Tous vos processus de financement dans vos comptes RXK sont simples !","schema":{"@context":"https:\/\/schema.org","@graph":[{"@type":"WebPage","@id":"https:\/\/rxkcapital.rudetings.com\/fr\/funding-your-account\/","url":"https:\/\/rxkcapital.rudetings.com\/fr\/funding-your-account\/","name":"Financez Votre Compte RXK Maintenant! Retirez et D\u00e9posez Tr\u00e8s Facilement!","isPartOf":{"@id":"https:\/\/rxkcapital.rudetings.com\/#website"},"datePublished":"2022-09-16T07:57:33+00:00","dateModified":"2022-10-07T11:01:45+00:00","description":"Que vous souhaitiez d\u00e9poser ou retirer sur votre compte de trading RXK, le processus est super facile! Tous vos processus de financement dans vos comptes RXK sont simples!","breadcrumb":{"@id":"https:\/\/rxkcapital.rudetings.com\/fr\/funding-your-account\/#breadcrumb"},"inLanguage":"fr-FR","potentialAction":[{"@type":"ReadAction","target":["https:\/\/rxkcapital.rudetings.com\/fr\/funding-your-account\/"]}]},{"@type":"BreadcrumbList","@id":"https:\/\/rxkcapital.rudetings.com\/fr\/funding-your-account\/#breadcrumb","itemListElement":[{"@type":"ListItem","position":1,"name":"Home","item":"https:\/\/rxkcapital.rudetings.com\/fr\/"},{"@type":"ListItem","position":2,"name":"Deposits and Withdrawals"}]},{"@type":"WebSite","@id":"https:\/\/rxkcapital.rudetings.com\/#website","url":"https:\/\/rxkcapital.rudetings.com\/","name":"staging.rxkcapital.com","description":"Just another WordPress site","potentialAction":[{"@type":"SearchAction","target":{"@type":"EntryPoint","urlTemplate":"https:\/\/rxkcapital.rudetings.com\/?s={search_term_string}"},"query-input":"required name=search_term_string"}],"inLanguage":"fr-FR"}]}},"_links":{"self":[{"href":"https:\/\/rxkcapital.rudetings.com\/fr\/wp-json\/wp\/v2\/pages\/1771","targetHints":{"allow":["GET"]}}],"collection":[{"href":"https:\/\/rxkcapital.rudetings.com\/fr\/wp-json\/wp\/v2\/pages"}],"about":[{"href":"https:\/\/rxkcapital.rudetings.com\/fr\/wp-json\/wp\/v2\/types\/page"}],"author":[{"embeddable":true,"href":"https:\/\/rxkcapital.rudetings.com\/fr\/wp-json\/wp\/v2\/users\/1"}],"replies":[{"embeddable":true,"href":"https:\/\/rxkcapital.rudetings.com\/fr\/wp-json\/wp\/v2\/comments?post=1771"}],"version-history":[{"count":0,"href":"https:\/\/rxkcapital.rudetings.com\/fr\/wp-json\/wp\/v2\/pages\/1771\/revisions"}],"wp:attachment":[{"href":"https:\/\/rxkcapital.rudetings.com\/fr\/wp-json\/wp\/v2\/media?parent=1771"}],"curies":[{"name":"wp","href":"https:\/\/api.w.org\/{rel}","templated":true}]}}