{"id":1763,"date":"2022-09-16T07:58:02","date_gmt":"2022-09-16T07:58:02","guid":{"rendered":"https:\/\/staging.rxkcapital.com\/premium-accounts\/"},"modified":"2022-12-19T14:13:37","modified_gmt":"2022-12-19T14:13:37","slug":"premium-accounts","status":"publish","type":"page","link":"https:\/\/rxkcapital.rudetings.com\/fr\/premium-accounts\/","title":{"rendered":"Account Comparison"},"content":{"rendered":"","protected":false},"excerpt":{"rendered":"","protected":false},"author":1,"featured_media":0,"parent":0,"menu_order":0,"comment_status":"closed","ping_status":"closed","template":"page-account-comparison.php","meta":{"inline_featured_image":false,"footnotes":""},"class_list":["post-1763","page","type-page","status-publish","hentry"],"acf":[],"yoast_head":"<!-- This site is optimized with the Yoast SEO plugin v19.6.1 - https:\/\/yoast.com\/wordpress\/plugins\/seo\/ -->\n<title>Comptes RXK Capital Premium - Pour les investisseurs d&#039;\u00e9lite<\/title>\n<meta name=\"description\" content=\"Nous avons cr\u00e9\u00e9 des comptes de trading sur mesure pour r\u00e9pondre aux besoins de nos investisseurs d&#039;\u00e9lite, que nous appelons &quot;comptes premium&quot;. Lire la suite pour plus de d\u00e9tails.\" \/>\n<meta name=\"robots\" content=\"noindex, follow, max-snippet:-1, max-image-preview:large, max-video-preview:-1\" \/>\n<meta property=\"og:locale\" content=\"fr_FR\" \/>\n<meta property=\"og:type\" content=\"article\" \/>\n<meta property=\"og:title\" content=\"Comptes RXK Capital Premium - Pour les investisseurs d&#039;\u00e9lite\" \/>\n<meta property=\"og:description\" content=\"Nous avons cr\u00e9\u00e9 des comptes de trading sur mesure pour r\u00e9pondre aux besoins de nos investisseurs d&#039;\u00e9lite, que nous appelons &quot;comptes premium&quot;. Lire la suite pour plus de d\u00e9tails.\" \/>\n<meta property=\"og:url\" content=\"https:\/\/rxkcapital.rudetings.com\/fr\/premium-accounts\/\" \/>\n<meta property=\"og:site_name\" content=\"staging.rxkcapital.com\" \/>\n<meta property=\"article:modified_time\" content=\"2022-12-19T14:13:37+00:00\" \/>\n<meta name=\"twitter:card\" content=\"summary_large_image\" \/>\n<meta name=\"twitter:title\" content=\"Comptes RXK Capital Premium - Pour les investisseurs d&#039;\u00e9lite\" \/>\n<meta name=\"twitter:description\" content=\"Nous avons cr\u00e9\u00e9 des comptes de trading sur mesure pour r\u00e9pondre aux besoins de nos investisseurs d&#039;\u00e9lite, que nous appelons &quot;comptes premium&quot;. Lire la suite pour plus de d\u00e9tails.\" \/>\n<script type=\"application\/ld+json\" class=\"yoast-schema-graph\">{\"@context\":\"https:\/\/schema.org\",\"@graph\":[{\"@type\":\"WebPage\",\"@id\":\"https:\/\/rxkcapital.rudetings.com\/fr\/premium-accounts\/\",\"url\":\"https:\/\/rxkcapital.rudetings.com\/fr\/premium-accounts\/\",\"name\":\"Comptes RXK Capital Premium - Pour les investisseurs d'\u00e9lite\",\"isPartOf\":{\"@id\":\"https:\/\/rxkcapital.rudetings.com\/#website\"},\"datePublished\":\"2022-09-16T07:58:02+00:00\",\"dateModified\":\"2022-12-19T14:13:37+00:00\",\"description\":\"Nous avons cr\u00e9\u00e9 des comptes de trading sur mesure pour r\u00e9pondre aux besoins de nos investisseurs d'\u00e9lite, que nous appelons \\\"comptes premium\\\". Lire la suite pour plus de d\u00e9tails.\",\"breadcrumb\":{\"@id\":\"https:\/\/rxkcapital.rudetings.com\/fr\/premium-accounts\/#breadcrumb\"},\"inLanguage\":\"fr-FR\",\"potentialAction\":[{\"@type\":\"ReadAction\",\"target\":[\"https:\/\/rxkcapital.rudetings.com\/fr\/premium-accounts\/\"]}]},{\"@type\":\"BreadcrumbList\",\"@id\":\"https:\/\/rxkcapital.rudetings.com\/fr\/premium-accounts\/#breadcrumb\",\"itemListElement\":[{\"@type\":\"ListItem\",\"position\":1,\"name\":\"Home\",\"item\":\"https:\/\/rxkcapital.rudetings.com\/fr\/\"},{\"@type\":\"ListItem\",\"position\":2,\"name\":\"Account Comparison\"}]},{\"@type\":\"WebSite\",\"@id\":\"https:\/\/rxkcapital.rudetings.com\/#website\",\"url\":\"https:\/\/rxkcapital.rudetings.com\/\",\"name\":\"staging.rxkcapital.com\",\"description\":\"Just another WordPress site\",\"potentialAction\":[{\"@type\":\"SearchAction\",\"target\":{\"@type\":\"EntryPoint\",\"urlTemplate\":\"https:\/\/rxkcapital.rudetings.com\/?s={search_term_string}\"},\"query-input\":\"required name=search_term_string\"}],\"inLanguage\":\"fr-FR\"}]}<\/script>\n<!-- \/ Yoast SEO plugin. -->","yoast_head_json":{"title":"Comptes RXK Capital Premium - Pour les investisseurs d'\u00e9lite","description":"Nous avons cr\u00e9\u00e9 des comptes de trading sur mesure pour r\u00e9pondre aux besoins de nos investisseurs d'\u00e9lite, que nous appelons \"comptes premium\". Lire la suite pour plus de d\u00e9tails.","robots":{"index":"noindex","follow":"follow","max-snippet":"max-snippet:-1","max-image-preview":"max-image-preview:large","max-video-preview":"max-video-preview:-1"},"og_locale":"fr_FR","og_type":"article","og_title":"Comptes RXK Capital Premium - Pour les investisseurs d'\u00e9lite","og_description":"Nous avons cr\u00e9\u00e9 des comptes de trading sur mesure pour r\u00e9pondre aux besoins de nos investisseurs d'\u00e9lite, que nous appelons \"comptes premium\". Lire la suite pour plus de d\u00e9tails.","og_url":"https:\/\/rxkcapital.rudetings.com\/fr\/premium-accounts\/","og_site_name":"staging.rxkcapital.com","article_modified_time":"2022-12-19T14:13:37+00:00","twitter_card":"summary_large_image","twitter_title":"Comptes RXK Capital Premium - Pour les investisseurs d'\u00e9lite","twitter_description":"Nous avons cr\u00e9\u00e9 des comptes de trading sur mesure pour r\u00e9pondre aux besoins de nos investisseurs d'\u00e9lite, que nous appelons \"comptes premium\". Lire la suite pour plus de d\u00e9tails.","schema":{"@context":"https:\/\/schema.org","@graph":[{"@type":"WebPage","@id":"https:\/\/rxkcapital.rudetings.com\/fr\/premium-accounts\/","url":"https:\/\/rxkcapital.rudetings.com\/fr\/premium-accounts\/","name":"Comptes RXK Capital Premium - Pour les investisseurs d'\u00e9lite","isPartOf":{"@id":"https:\/\/rxkcapital.rudetings.com\/#website"},"datePublished":"2022-09-16T07:58:02+00:00","dateModified":"2022-12-19T14:13:37+00:00","description":"Nous avons cr\u00e9\u00e9 des comptes de trading sur mesure pour r\u00e9pondre aux besoins de nos investisseurs d'\u00e9lite, que nous appelons \"comptes premium\". Lire la suite pour plus de d\u00e9tails.","breadcrumb":{"@id":"https:\/\/rxkcapital.rudetings.com\/fr\/premium-accounts\/#breadcrumb"},"inLanguage":"fr-FR","potentialAction":[{"@type":"ReadAction","target":["https:\/\/rxkcapital.rudetings.com\/fr\/premium-accounts\/"]}]},{"@type":"BreadcrumbList","@id":"https:\/\/rxkcapital.rudetings.com\/fr\/premium-accounts\/#breadcrumb","itemListElement":[{"@type":"ListItem","position":1,"name":"Home","item":"https:\/\/rxkcapital.rudetings.com\/fr\/"},{"@type":"ListItem","position":2,"name":"Account Comparison"}]},{"@type":"WebSite","@id":"https:\/\/rxkcapital.rudetings.com\/#website","url":"https:\/\/rxkcapital.rudetings.com\/","name":"staging.rxkcapital.com","description":"Just another WordPress site","potentialAction":[{"@type":"SearchAction","target":{"@type":"EntryPoint","urlTemplate":"https:\/\/rxkcapital.rudetings.com\/?s={search_term_string}"},"query-input":"required name=search_term_string"}],"inLanguage":"fr-FR"}]}},"_links":{"self":[{"href":"https:\/\/rxkcapital.rudetings.com\/fr\/wp-json\/wp\/v2\/pages\/1763","targetHints":{"allow":["GET"]}}],"collection":[{"href":"https:\/\/rxkcapital.rudetings.com\/fr\/wp-json\/wp\/v2\/pages"}],"about":[{"href":"https:\/\/rxkcapital.rudetings.com\/fr\/wp-json\/wp\/v2\/types\/page"}],"author":[{"embeddable":true,"href":"https:\/\/rxkcapital.rudetings.com\/fr\/wp-json\/wp\/v2\/users\/1"}],"replies":[{"embeddable":true,"href":"https:\/\/rxkcapital.rudetings.com\/fr\/wp-json\/wp\/v2\/comments?post=1763"}],"version-history":[{"count":1,"href":"https:\/\/rxkcapital.rudetings.com\/fr\/wp-json\/wp\/v2\/pages\/1763\/revisions"}],"predecessor-version":[{"id":2364,"href":"https:\/\/rxkcapital.rudetings.com\/fr\/wp-json\/wp\/v2\/pages\/1763\/revisions\/2364"}],"wp:attachment":[{"href":"https:\/\/rxkcapital.rudetings.com\/fr\/wp-json\/wp\/v2\/media?parent=1763"}],"curies":[{"name":"wp","href":"https:\/\/api.w.org\/{rel}","templated":true}]}}