{"id":1709,"date":"2022-09-21T12:37:12","date_gmt":"2022-09-21T12:37:12","guid":{"rendered":"https:\/\/staging.rxkcapital.com\/bonus-conditions\/"},"modified":"2022-10-11T13:24:35","modified_gmt":"2022-10-11T13:24:35","slug":"bonus-conditions","status":"publish","type":"page","link":"https:\/\/rxkcapital.rudetings.com\/fr\/bonus-conditions\/","title":{"rendered":"Bonus Conditions"},"content":{"rendered":"","protected":false},"excerpt":{"rendered":"","protected":false},"author":1,"featured_media":0,"parent":0,"menu_order":0,"comment_status":"closed","ping_status":"closed","template":"","meta":{"inline_featured_image":false,"footnotes":""},"class_list":["post-1709","page","type-page","status-publish","hentry"],"acf":[],"yoast_head":"<!-- This site is optimized with the Yoast SEO plugin v19.6.1 - https:\/\/yoast.com\/wordpress\/plugins\/seo\/ -->\n<title>RXK - Termes et conditions des bonus<\/title>\n<meta name=\"description\" content=\"RXK explique explicitement toutes les conditions g\u00e9n\u00e9rales de ses bonus. Consultez ici les conditions g\u00e9n\u00e9rales des bonus de RXK.\" \/>\n<meta name=\"robots\" content=\"noindex, follow, max-snippet:-1, max-image-preview:large, max-video-preview:-1\" \/>\n<meta property=\"og:locale\" content=\"fr_FR\" \/>\n<meta property=\"og:type\" content=\"article\" \/>\n<meta property=\"og:title\" content=\"RXK - Termes et conditions des bonus\" \/>\n<meta property=\"og:description\" content=\"RXK explique explicitement toutes les conditions g\u00e9n\u00e9rales de ses bonus. Consultez ici les conditions g\u00e9n\u00e9rales des bonus de RXK.\" \/>\n<meta property=\"og:url\" content=\"https:\/\/rxkcapital.rudetings.com\/fr\/bonus-conditions\/\" \/>\n<meta property=\"og:site_name\" content=\"staging.rxkcapital.com\" \/>\n<meta property=\"article:modified_time\" content=\"2022-10-11T13:24:35+00:00\" \/>\n<meta name=\"twitter:card\" content=\"summary_large_image\" \/>\n<meta name=\"twitter:title\" content=\"RXK - Termes et conditions des bonus\" \/>\n<meta name=\"twitter:description\" content=\"RXK explique explicitement toutes les conditions g\u00e9n\u00e9rales de ses bonus. Consultez ici les conditions g\u00e9n\u00e9rales des bonus de RXK.\" \/>\n<script type=\"application\/ld+json\" class=\"yoast-schema-graph\">{\"@context\":\"https:\/\/schema.org\",\"@graph\":[{\"@type\":\"WebPage\",\"@id\":\"https:\/\/rxkcapital.rudetings.com\/fr\/bonus-conditions\/\",\"url\":\"https:\/\/rxkcapital.rudetings.com\/fr\/bonus-conditions\/\",\"name\":\"RXK - Termes et conditions des bonus\",\"isPartOf\":{\"@id\":\"https:\/\/rxkcapital.rudetings.com\/#website\"},\"datePublished\":\"2022-09-21T12:37:12+00:00\",\"dateModified\":\"2022-10-11T13:24:35+00:00\",\"description\":\"RXK explique explicitement toutes les conditions g\u00e9n\u00e9rales de ses bonus. Consultez ici les conditions g\u00e9n\u00e9rales des bonus de RXK.\",\"breadcrumb\":{\"@id\":\"https:\/\/rxkcapital.rudetings.com\/fr\/bonus-conditions\/#breadcrumb\"},\"inLanguage\":\"fr-FR\",\"potentialAction\":[{\"@type\":\"ReadAction\",\"target\":[\"https:\/\/rxkcapital.rudetings.com\/fr\/bonus-conditions\/\"]}]},{\"@type\":\"BreadcrumbList\",\"@id\":\"https:\/\/rxkcapital.rudetings.com\/fr\/bonus-conditions\/#breadcrumb\",\"itemListElement\":[{\"@type\":\"ListItem\",\"position\":1,\"name\":\"Home\",\"item\":\"https:\/\/rxkcapital.rudetings.com\/fr\/\"},{\"@type\":\"ListItem\",\"position\":2,\"name\":\"Bonus Conditions\"}]},{\"@type\":\"WebSite\",\"@id\":\"https:\/\/rxkcapital.rudetings.com\/#website\",\"url\":\"https:\/\/rxkcapital.rudetings.com\/\",\"name\":\"staging.rxkcapital.com\",\"description\":\"Just another WordPress site\",\"potentialAction\":[{\"@type\":\"SearchAction\",\"target\":{\"@type\":\"EntryPoint\",\"urlTemplate\":\"https:\/\/rxkcapital.rudetings.com\/?s={search_term_string}\"},\"query-input\":\"required name=search_term_string\"}],\"inLanguage\":\"fr-FR\"}]}<\/script>\n<!-- \/ Yoast SEO plugin. -->","yoast_head_json":{"title":"RXK - Termes et conditions des bonus","description":"RXK explique explicitement toutes les conditions g\u00e9n\u00e9rales de ses bonus. Consultez ici les conditions g\u00e9n\u00e9rales des bonus de RXK.","robots":{"index":"noindex","follow":"follow","max-snippet":"max-snippet:-1","max-image-preview":"max-image-preview:large","max-video-preview":"max-video-preview:-1"},"og_locale":"fr_FR","og_type":"article","og_title":"RXK - Termes et conditions des bonus","og_description":"RXK explique explicitement toutes les conditions g\u00e9n\u00e9rales de ses bonus. Consultez ici les conditions g\u00e9n\u00e9rales des bonus de RXK.","og_url":"https:\/\/rxkcapital.rudetings.com\/fr\/bonus-conditions\/","og_site_name":"staging.rxkcapital.com","article_modified_time":"2022-10-11T13:24:35+00:00","twitter_card":"summary_large_image","twitter_title":"RXK - Termes et conditions des bonus","twitter_description":"RXK explique explicitement toutes les conditions g\u00e9n\u00e9rales de ses bonus. Consultez ici les conditions g\u00e9n\u00e9rales des bonus de RXK.","schema":{"@context":"https:\/\/schema.org","@graph":[{"@type":"WebPage","@id":"https:\/\/rxkcapital.rudetings.com\/fr\/bonus-conditions\/","url":"https:\/\/rxkcapital.rudetings.com\/fr\/bonus-conditions\/","name":"RXK - Termes et conditions des bonus","isPartOf":{"@id":"https:\/\/rxkcapital.rudetings.com\/#website"},"datePublished":"2022-09-21T12:37:12+00:00","dateModified":"2022-10-11T13:24:35+00:00","description":"RXK explique explicitement toutes les conditions g\u00e9n\u00e9rales de ses bonus. Consultez ici les conditions g\u00e9n\u00e9rales des bonus de RXK.","breadcrumb":{"@id":"https:\/\/rxkcapital.rudetings.com\/fr\/bonus-conditions\/#breadcrumb"},"inLanguage":"fr-FR","potentialAction":[{"@type":"ReadAction","target":["https:\/\/rxkcapital.rudetings.com\/fr\/bonus-conditions\/"]}]},{"@type":"BreadcrumbList","@id":"https:\/\/rxkcapital.rudetings.com\/fr\/bonus-conditions\/#breadcrumb","itemListElement":[{"@type":"ListItem","position":1,"name":"Home","item":"https:\/\/rxkcapital.rudetings.com\/fr\/"},{"@type":"ListItem","position":2,"name":"Bonus Conditions"}]},{"@type":"WebSite","@id":"https:\/\/rxkcapital.rudetings.com\/#website","url":"https:\/\/rxkcapital.rudetings.com\/","name":"staging.rxkcapital.com","description":"Just another WordPress site","potentialAction":[{"@type":"SearchAction","target":{"@type":"EntryPoint","urlTemplate":"https:\/\/rxkcapital.rudetings.com\/?s={search_term_string}"},"query-input":"required name=search_term_string"}],"inLanguage":"fr-FR"}]}},"_links":{"self":[{"href":"https:\/\/rxkcapital.rudetings.com\/fr\/wp-json\/wp\/v2\/pages\/1709","targetHints":{"allow":["GET"]}}],"collection":[{"href":"https:\/\/rxkcapital.rudetings.com\/fr\/wp-json\/wp\/v2\/pages"}],"about":[{"href":"https:\/\/rxkcapital.rudetings.com\/fr\/wp-json\/wp\/v2\/types\/page"}],"author":[{"embeddable":true,"href":"https:\/\/rxkcapital.rudetings.com\/fr\/wp-json\/wp\/v2\/users\/1"}],"replies":[{"embeddable":true,"href":"https:\/\/rxkcapital.rudetings.com\/fr\/wp-json\/wp\/v2\/comments?post=1709"}],"version-history":[{"count":0,"href":"https:\/\/rxkcapital.rudetings.com\/fr\/wp-json\/wp\/v2\/pages\/1709\/revisions"}],"wp:attachment":[{"href":"https:\/\/rxkcapital.rudetings.com\/fr\/wp-json\/wp\/v2\/media?parent=1709"}],"curies":[{"name":"wp","href":"https:\/\/api.w.org\/{rel}","templated":true}]}}