{"id":1702,"date":"2022-09-21T12:37:27","date_gmt":"2022-09-21T12:37:27","guid":{"rendered":"https:\/\/staging.rxkcapital.com\/complaints-and-disputes-policy\/"},"modified":"2022-10-06T15:01:59","modified_gmt":"2022-10-06T15:01:59","slug":"complaints-and-disputes-policy","status":"publish","type":"page","link":"https:\/\/rxkcapital.rudetings.com\/fr\/complaints-and-disputes-policy\/","title":{"rendered":"Complaints &#038; Disputes Policy"},"content":{"rendered":"","protected":false},"excerpt":{"rendered":"","protected":false},"author":1,"featured_media":0,"parent":0,"menu_order":0,"comment_status":"closed","ping_status":"closed","template":"","meta":{"inline_featured_image":false,"footnotes":""},"class_list":["post-1702","page","type-page","status-publish","hentry"],"acf":[],"yoast_head":"<!-- This site is optimized with the Yoast SEO plugin v19.6.1 - https:\/\/yoast.com\/wordpress\/plugins\/seo\/ -->\n<title>RXK - Politique de plaintes et de litiges<\/title>\n<meta name=\"description\" content=\"RXK a expliqu\u00e9 explicitement sa politique en mati\u00e8re de plaintes et de litiges. Consultez la politique d&#039;RXK en mati\u00e8re de plaintes et de litiges ici.\" \/>\n<meta name=\"robots\" content=\"noindex, follow, max-snippet:-1, max-image-preview:large, max-video-preview:-1\" \/>\n<meta property=\"og:locale\" content=\"fr_FR\" \/>\n<meta property=\"og:type\" content=\"article\" \/>\n<meta property=\"og:title\" content=\"RXK - Politique de plaintes et de litiges\" \/>\n<meta property=\"og:description\" content=\"RXK a expliqu\u00e9 explicitement sa politique en mati\u00e8re de plaintes et de litiges. Consultez la politique d&#039;RXK en mati\u00e8re de plaintes et de litiges ici.\" \/>\n<meta property=\"og:url\" content=\"https:\/\/rxkcapital.rudetings.com\/fr\/complaints-and-disputes-policy\/\" \/>\n<meta property=\"og:site_name\" content=\"staging.rxkcapital.com\" \/>\n<meta property=\"article:modified_time\" content=\"2022-10-06T15:01:59+00:00\" \/>\n<meta name=\"twitter:card\" content=\"summary_large_image\" \/>\n<meta name=\"twitter:title\" content=\"RXK - Politique de plaintes et de litiges\" \/>\n<meta name=\"twitter:description\" content=\"RXK a expliqu\u00e9 explicitement sa politique en mati\u00e8re de plaintes et de litiges. Consultez la politique d&#039;RXK en mati\u00e8re de plaintes et de litiges ici.\" \/>\n<script type=\"application\/ld+json\" class=\"yoast-schema-graph\">{\"@context\":\"https:\/\/schema.org\",\"@graph\":[{\"@type\":\"WebPage\",\"@id\":\"https:\/\/rxkcapital.rudetings.com\/fr\/complaints-and-disputes-policy\/\",\"url\":\"https:\/\/rxkcapital.rudetings.com\/fr\/complaints-and-disputes-policy\/\",\"name\":\"RXK - Politique de plaintes et de litiges\",\"isPartOf\":{\"@id\":\"https:\/\/rxkcapital.rudetings.com\/#website\"},\"datePublished\":\"2022-09-21T12:37:27+00:00\",\"dateModified\":\"2022-10-06T15:01:59+00:00\",\"description\":\"RXK a expliqu\u00e9 explicitement sa politique en mati\u00e8re de plaintes et de litiges. Consultez la politique d'RXK en mati\u00e8re de plaintes et de litiges ici.\",\"breadcrumb\":{\"@id\":\"https:\/\/rxkcapital.rudetings.com\/fr\/complaints-and-disputes-policy\/#breadcrumb\"},\"inLanguage\":\"fr-FR\",\"potentialAction\":[{\"@type\":\"ReadAction\",\"target\":[\"https:\/\/rxkcapital.rudetings.com\/fr\/complaints-and-disputes-policy\/\"]}]},{\"@type\":\"BreadcrumbList\",\"@id\":\"https:\/\/rxkcapital.rudetings.com\/fr\/complaints-and-disputes-policy\/#breadcrumb\",\"itemListElement\":[{\"@type\":\"ListItem\",\"position\":1,\"name\":\"Home\",\"item\":\"https:\/\/rxkcapital.rudetings.com\/fr\/\"},{\"@type\":\"ListItem\",\"position\":2,\"name\":\"Complaints &#038; Disputes Policy\"}]},{\"@type\":\"WebSite\",\"@id\":\"https:\/\/rxkcapital.rudetings.com\/#website\",\"url\":\"https:\/\/rxkcapital.rudetings.com\/\",\"name\":\"staging.rxkcapital.com\",\"description\":\"Just another WordPress site\",\"potentialAction\":[{\"@type\":\"SearchAction\",\"target\":{\"@type\":\"EntryPoint\",\"urlTemplate\":\"https:\/\/rxkcapital.rudetings.com\/?s={search_term_string}\"},\"query-input\":\"required name=search_term_string\"}],\"inLanguage\":\"fr-FR\"}]}<\/script>\n<!-- \/ Yoast SEO plugin. -->","yoast_head_json":{"title":"RXK - Politique de plaintes et de litiges","description":"RXK a expliqu\u00e9 explicitement sa politique en mati\u00e8re de plaintes et de litiges. Consultez la politique d'RXK en mati\u00e8re de plaintes et de litiges ici.","robots":{"index":"noindex","follow":"follow","max-snippet":"max-snippet:-1","max-image-preview":"max-image-preview:large","max-video-preview":"max-video-preview:-1"},"og_locale":"fr_FR","og_type":"article","og_title":"RXK - Politique de plaintes et de litiges","og_description":"RXK a expliqu\u00e9 explicitement sa politique en mati\u00e8re de plaintes et de litiges. Consultez la politique d'RXK en mati\u00e8re de plaintes et de litiges ici.","og_url":"https:\/\/rxkcapital.rudetings.com\/fr\/complaints-and-disputes-policy\/","og_site_name":"staging.rxkcapital.com","article_modified_time":"2022-10-06T15:01:59+00:00","twitter_card":"summary_large_image","twitter_title":"RXK - Politique de plaintes et de litiges","twitter_description":"RXK a expliqu\u00e9 explicitement sa politique en mati\u00e8re de plaintes et de litiges. Consultez la politique d'RXK en mati\u00e8re de plaintes et de litiges ici.","schema":{"@context":"https:\/\/schema.org","@graph":[{"@type":"WebPage","@id":"https:\/\/rxkcapital.rudetings.com\/fr\/complaints-and-disputes-policy\/","url":"https:\/\/rxkcapital.rudetings.com\/fr\/complaints-and-disputes-policy\/","name":"RXK - Politique de plaintes et de litiges","isPartOf":{"@id":"https:\/\/rxkcapital.rudetings.com\/#website"},"datePublished":"2022-09-21T12:37:27+00:00","dateModified":"2022-10-06T15:01:59+00:00","description":"RXK a expliqu\u00e9 explicitement sa politique en mati\u00e8re de plaintes et de litiges. Consultez la politique d'RXK en mati\u00e8re de plaintes et de litiges ici.","breadcrumb":{"@id":"https:\/\/rxkcapital.rudetings.com\/fr\/complaints-and-disputes-policy\/#breadcrumb"},"inLanguage":"fr-FR","potentialAction":[{"@type":"ReadAction","target":["https:\/\/rxkcapital.rudetings.com\/fr\/complaints-and-disputes-policy\/"]}]},{"@type":"BreadcrumbList","@id":"https:\/\/rxkcapital.rudetings.com\/fr\/complaints-and-disputes-policy\/#breadcrumb","itemListElement":[{"@type":"ListItem","position":1,"name":"Home","item":"https:\/\/rxkcapital.rudetings.com\/fr\/"},{"@type":"ListItem","position":2,"name":"Complaints &#038; Disputes Policy"}]},{"@type":"WebSite","@id":"https:\/\/rxkcapital.rudetings.com\/#website","url":"https:\/\/rxkcapital.rudetings.com\/","name":"staging.rxkcapital.com","description":"Just another WordPress site","potentialAction":[{"@type":"SearchAction","target":{"@type":"EntryPoint","urlTemplate":"https:\/\/rxkcapital.rudetings.com\/?s={search_term_string}"},"query-input":"required name=search_term_string"}],"inLanguage":"fr-FR"}]}},"_links":{"self":[{"href":"https:\/\/rxkcapital.rudetings.com\/fr\/wp-json\/wp\/v2\/pages\/1702","targetHints":{"allow":["GET"]}}],"collection":[{"href":"https:\/\/rxkcapital.rudetings.com\/fr\/wp-json\/wp\/v2\/pages"}],"about":[{"href":"https:\/\/rxkcapital.rudetings.com\/fr\/wp-json\/wp\/v2\/types\/page"}],"author":[{"embeddable":true,"href":"https:\/\/rxkcapital.rudetings.com\/fr\/wp-json\/wp\/v2\/users\/1"}],"replies":[{"embeddable":true,"href":"https:\/\/rxkcapital.rudetings.com\/fr\/wp-json\/wp\/v2\/comments?post=1702"}],"version-history":[{"count":0,"href":"https:\/\/rxkcapital.rudetings.com\/fr\/wp-json\/wp\/v2\/pages\/1702\/revisions"}],"wp:attachment":[{"href":"https:\/\/rxkcapital.rudetings.com\/fr\/wp-json\/wp\/v2\/media?parent=1702"}],"curies":[{"name":"wp","href":"https:\/\/api.w.org\/{rel}","templated":true}]}}