{"id":1760,"date":"2022-09-16T07:58:21","date_gmt":"2022-09-16T07:58:21","guid":{"rendered":"https:\/\/staging.rxkcapital.com\/trading-the-markets\/"},"modified":"2022-10-09T14:52:16","modified_gmt":"2022-10-09T14:52:16","slug":"trading-the-markets","status":"publish","type":"page","link":"https:\/\/rxkcapital.rudetings.com\/de\/trading-the-markets\/","title":{"rendered":"Markets"},"content":{"rendered":"","protected":false},"excerpt":{"rendered":"","protected":false},"author":1,"featured_media":0,"parent":0,"menu_order":0,"comment_status":"closed","ping_status":"closed","template":"page-markets.php","meta":{"inline_featured_image":false,"footnotes":""},"class_list":["post-1760","page","type-page","status-publish","hentry"],"acf":[],"yoast_head":"<!-- This site is optimized with the Yoast SEO plugin v19.6.1 - https:\/\/yoast.com\/wordpress\/plugins\/seo\/ -->\n<title>RXK - Markt\u00fcbersicht<\/title>\n<meta name=\"description\" content=\"RXK bietet seinen Tradern eine gro\u00dfe Auswahl an M\u00e4rkten. W\u00e4hlen Sie den Verm\u00f6genswert, den Sie bevorzugen und traden Sie ihn mit RXK.\" \/>\n<meta name=\"robots\" content=\"noindex, follow, max-snippet:-1, max-image-preview:large, max-video-preview:-1\" \/>\n<meta property=\"og:locale\" content=\"de_DE\" \/>\n<meta property=\"og:type\" content=\"article\" \/>\n<meta property=\"og:title\" content=\"RXK - Markt\u00fcbersicht\" \/>\n<meta property=\"og:description\" content=\"RXK bietet seinen Tradern eine gro\u00dfe Auswahl an M\u00e4rkten. W\u00e4hlen Sie den Verm\u00f6genswert, den Sie bevorzugen und traden Sie ihn mit RXK.\" \/>\n<meta property=\"og:url\" content=\"https:\/\/rxkcapital.rudetings.com\/de\/trading-the-markets\/\" \/>\n<meta property=\"og:site_name\" content=\"staging.rxkcapital.com\" \/>\n<meta property=\"article:modified_time\" content=\"2022-10-09T14:52:16+00:00\" \/>\n<meta name=\"twitter:card\" content=\"summary_large_image\" \/>\n<meta name=\"twitter:title\" content=\"RXK - Markt\u00fcbersicht\" \/>\n<meta name=\"twitter:description\" content=\"RXK bietet seinen Tradern eine gro\u00dfe Auswahl an M\u00e4rkten. W\u00e4hlen Sie den Verm\u00f6genswert, den Sie bevorzugen und traden Sie ihn mit RXK.\" \/>\n<script type=\"application\/ld+json\" class=\"yoast-schema-graph\">{\"@context\":\"https:\/\/schema.org\",\"@graph\":[{\"@type\":\"WebPage\",\"@id\":\"https:\/\/rxkcapital.rudetings.com\/de\/trading-the-markets\/\",\"url\":\"https:\/\/rxkcapital.rudetings.com\/de\/trading-the-markets\/\",\"name\":\"RXK - Markt\u00fcbersicht\",\"isPartOf\":{\"@id\":\"https:\/\/rxkcapital.rudetings.com\/#website\"},\"datePublished\":\"2022-09-16T07:58:21+00:00\",\"dateModified\":\"2022-10-09T14:52:16+00:00\",\"description\":\"RXK bietet seinen Tradern eine gro\u00dfe Auswahl an M\u00e4rkten. W\u00e4hlen Sie den Verm\u00f6genswert, den Sie bevorzugen und traden Sie ihn mit RXK.\",\"breadcrumb\":{\"@id\":\"https:\/\/rxkcapital.rudetings.com\/de\/trading-the-markets\/#breadcrumb\"},\"inLanguage\":\"de\",\"potentialAction\":[{\"@type\":\"ReadAction\",\"target\":[\"https:\/\/rxkcapital.rudetings.com\/de\/trading-the-markets\/\"]}]},{\"@type\":\"BreadcrumbList\",\"@id\":\"https:\/\/rxkcapital.rudetings.com\/de\/trading-the-markets\/#breadcrumb\",\"itemListElement\":[{\"@type\":\"ListItem\",\"position\":1,\"name\":\"Home\",\"item\":\"https:\/\/rxkcapital.rudetings.com\/de\/\"},{\"@type\":\"ListItem\",\"position\":2,\"name\":\"Markets\"}]},{\"@type\":\"WebSite\",\"@id\":\"https:\/\/rxkcapital.rudetings.com\/#website\",\"url\":\"https:\/\/rxkcapital.rudetings.com\/\",\"name\":\"staging.rxkcapital.com\",\"description\":\"Just another WordPress site\",\"potentialAction\":[{\"@type\":\"SearchAction\",\"target\":{\"@type\":\"EntryPoint\",\"urlTemplate\":\"https:\/\/rxkcapital.rudetings.com\/?s={search_term_string}\"},\"query-input\":\"required name=search_term_string\"}],\"inLanguage\":\"de\"}]}<\/script>\n<!-- \/ Yoast SEO plugin. -->","yoast_head_json":{"title":"RXK - Markt\u00fcbersicht","description":"RXK bietet seinen Tradern eine gro\u00dfe Auswahl an M\u00e4rkten. W\u00e4hlen Sie den Verm\u00f6genswert, den Sie bevorzugen und traden Sie ihn mit RXK.","robots":{"index":"noindex","follow":"follow","max-snippet":"max-snippet:-1","max-image-preview":"max-image-preview:large","max-video-preview":"max-video-preview:-1"},"og_locale":"de_DE","og_type":"article","og_title":"RXK - Markt\u00fcbersicht","og_description":"RXK bietet seinen Tradern eine gro\u00dfe Auswahl an M\u00e4rkten. W\u00e4hlen Sie den Verm\u00f6genswert, den Sie bevorzugen und traden Sie ihn mit RXK.","og_url":"https:\/\/rxkcapital.rudetings.com\/de\/trading-the-markets\/","og_site_name":"staging.rxkcapital.com","article_modified_time":"2022-10-09T14:52:16+00:00","twitter_card":"summary_large_image","twitter_title":"RXK - Markt\u00fcbersicht","twitter_description":"RXK bietet seinen Tradern eine gro\u00dfe Auswahl an M\u00e4rkten. W\u00e4hlen Sie den Verm\u00f6genswert, den Sie bevorzugen und traden Sie ihn mit RXK.","schema":{"@context":"https:\/\/schema.org","@graph":[{"@type":"WebPage","@id":"https:\/\/rxkcapital.rudetings.com\/de\/trading-the-markets\/","url":"https:\/\/rxkcapital.rudetings.com\/de\/trading-the-markets\/","name":"RXK - Markt\u00fcbersicht","isPartOf":{"@id":"https:\/\/rxkcapital.rudetings.com\/#website"},"datePublished":"2022-09-16T07:58:21+00:00","dateModified":"2022-10-09T14:52:16+00:00","description":"RXK bietet seinen Tradern eine gro\u00dfe Auswahl an M\u00e4rkten. W\u00e4hlen Sie den Verm\u00f6genswert, den Sie bevorzugen und traden Sie ihn mit RXK.","breadcrumb":{"@id":"https:\/\/rxkcapital.rudetings.com\/de\/trading-the-markets\/#breadcrumb"},"inLanguage":"de","potentialAction":[{"@type":"ReadAction","target":["https:\/\/rxkcapital.rudetings.com\/de\/trading-the-markets\/"]}]},{"@type":"BreadcrumbList","@id":"https:\/\/rxkcapital.rudetings.com\/de\/trading-the-markets\/#breadcrumb","itemListElement":[{"@type":"ListItem","position":1,"name":"Home","item":"https:\/\/rxkcapital.rudetings.com\/de\/"},{"@type":"ListItem","position":2,"name":"Markets"}]},{"@type":"WebSite","@id":"https:\/\/rxkcapital.rudetings.com\/#website","url":"https:\/\/rxkcapital.rudetings.com\/","name":"staging.rxkcapital.com","description":"Just another WordPress site","potentialAction":[{"@type":"SearchAction","target":{"@type":"EntryPoint","urlTemplate":"https:\/\/rxkcapital.rudetings.com\/?s={search_term_string}"},"query-input":"required name=search_term_string"}],"inLanguage":"de"}]}},"_links":{"self":[{"href":"https:\/\/rxkcapital.rudetings.com\/de\/wp-json\/wp\/v2\/pages\/1760","targetHints":{"allow":["GET"]}}],"collection":[{"href":"https:\/\/rxkcapital.rudetings.com\/de\/wp-json\/wp\/v2\/pages"}],"about":[{"href":"https:\/\/rxkcapital.rudetings.com\/de\/wp-json\/wp\/v2\/types\/page"}],"author":[{"embeddable":true,"href":"https:\/\/rxkcapital.rudetings.com\/de\/wp-json\/wp\/v2\/users\/1"}],"replies":[{"embeddable":true,"href":"https:\/\/rxkcapital.rudetings.com\/de\/wp-json\/wp\/v2\/comments?post=1760"}],"version-history":[{"count":0,"href":"https:\/\/rxkcapital.rudetings.com\/de\/wp-json\/wp\/v2\/pages\/1760\/revisions"}],"wp:attachment":[{"href":"https:\/\/rxkcapital.rudetings.com\/de\/wp-json\/wp\/v2\/media?parent=1760"}],"curies":[{"name":"wp","href":"https:\/\/api.w.org\/{rel}","templated":true}]}}