{"id":1703,"date":"2022-09-21T12:37:22","date_gmt":"2022-09-21T12:37:22","guid":{"rendered":"https:\/\/staging.rxkcapital.com\/aml-and-cft-policy\/"},"modified":"2022-10-07T12:37:36","modified_gmt":"2022-10-07T12:37:36","slug":"aml-and-cft-policy","status":"publish","type":"page","link":"https:\/\/rxkcapital.rudetings.com\/de\/aml-and-cft-policy\/","title":{"rendered":"AML &#038; CFT Policy"},"content":{"rendered":"","protected":false},"excerpt":{"rendered":"","protected":false},"author":1,"featured_media":0,"parent":0,"menu_order":0,"comment_status":"closed","ping_status":"closed","template":"","meta":{"inline_featured_image":false,"footnotes":""},"class_list":["post-1703","page","type-page","status-publish","hentry"],"acf":[],"yoast_head":"<!-- This site is optimized with the Yoast SEO plugin v19.6.1 - https:\/\/yoast.com\/wordpress\/plugins\/seo\/ -->\n<title>RXK - AML\/CFP-Richtlinie<\/title>\n<meta name=\"description\" content=\"RXK sorgt f\u00fcr Ihre Sicherheit beim Trading. Deshalb erkl\u00e4ren wir Ihnen ausf\u00fchrlich unsere Anti-Geldw\u00e4sche- und CFP-Richtlinien.\" \/>\n<meta name=\"robots\" content=\"noindex, follow, max-snippet:-1, max-image-preview:large, max-video-preview:-1\" \/>\n<meta property=\"og:locale\" content=\"de_DE\" \/>\n<meta property=\"og:type\" content=\"article\" \/>\n<meta property=\"og:title\" content=\"RXK - AML\/CFP-Richtlinie\" \/>\n<meta property=\"og:description\" content=\"RXK sorgt f\u00fcr Ihre Sicherheit beim Trading. Deshalb erkl\u00e4ren wir Ihnen ausf\u00fchrlich unsere Anti-Geldw\u00e4sche- und CFP-Richtlinien.\" \/>\n<meta property=\"og:url\" content=\"https:\/\/rxkcapital.rudetings.com\/de\/aml-and-cft-policy\/\" \/>\n<meta property=\"og:site_name\" content=\"staging.rxkcapital.com\" \/>\n<meta property=\"article:modified_time\" content=\"2022-10-07T12:37:36+00:00\" \/>\n<meta name=\"twitter:card\" content=\"summary_large_image\" \/>\n<meta name=\"twitter:title\" content=\"RXK - AML\/CFP-Richtlinie\" \/>\n<meta name=\"twitter:description\" content=\"RXK sorgt f\u00fcr Ihre Sicherheit beim Trading. Deshalb erkl\u00e4ren wir Ihnen ausf\u00fchrlich unsere Anti-Geldw\u00e4sche- und CFP-Richtlinien.\" \/>\n<script type=\"application\/ld+json\" class=\"yoast-schema-graph\">{\"@context\":\"https:\/\/schema.org\",\"@graph\":[{\"@type\":\"WebPage\",\"@id\":\"https:\/\/rxkcapital.rudetings.com\/de\/aml-and-cft-policy\/\",\"url\":\"https:\/\/rxkcapital.rudetings.com\/de\/aml-and-cft-policy\/\",\"name\":\"RXK - AML\/CFP-Richtlinie\",\"isPartOf\":{\"@id\":\"https:\/\/rxkcapital.rudetings.com\/#website\"},\"datePublished\":\"2022-09-21T12:37:22+00:00\",\"dateModified\":\"2022-10-07T12:37:36+00:00\",\"description\":\"RXK sorgt f\u00fcr Ihre Sicherheit beim Trading. Deshalb erkl\u00e4ren wir Ihnen ausf\u00fchrlich unsere Anti-Geldw\u00e4sche- und CFP-Richtlinien.\",\"breadcrumb\":{\"@id\":\"https:\/\/rxkcapital.rudetings.com\/de\/aml-and-cft-policy\/#breadcrumb\"},\"inLanguage\":\"de\",\"potentialAction\":[{\"@type\":\"ReadAction\",\"target\":[\"https:\/\/rxkcapital.rudetings.com\/de\/aml-and-cft-policy\/\"]}]},{\"@type\":\"BreadcrumbList\",\"@id\":\"https:\/\/rxkcapital.rudetings.com\/de\/aml-and-cft-policy\/#breadcrumb\",\"itemListElement\":[{\"@type\":\"ListItem\",\"position\":1,\"name\":\"Home\",\"item\":\"https:\/\/rxkcapital.rudetings.com\/de\/\"},{\"@type\":\"ListItem\",\"position\":2,\"name\":\"AML &#038; CFT Policy\"}]},{\"@type\":\"WebSite\",\"@id\":\"https:\/\/rxkcapital.rudetings.com\/#website\",\"url\":\"https:\/\/rxkcapital.rudetings.com\/\",\"name\":\"staging.rxkcapital.com\",\"description\":\"Just another WordPress site\",\"potentialAction\":[{\"@type\":\"SearchAction\",\"target\":{\"@type\":\"EntryPoint\",\"urlTemplate\":\"https:\/\/rxkcapital.rudetings.com\/?s={search_term_string}\"},\"query-input\":\"required name=search_term_string\"}],\"inLanguage\":\"de\"}]}<\/script>\n<!-- \/ Yoast SEO plugin. -->","yoast_head_json":{"title":"RXK - AML\/CFP-Richtlinie","description":"RXK sorgt f\u00fcr Ihre Sicherheit beim Trading. Deshalb erkl\u00e4ren wir Ihnen ausf\u00fchrlich unsere Anti-Geldw\u00e4sche- und CFP-Richtlinien.","robots":{"index":"noindex","follow":"follow","max-snippet":"max-snippet:-1","max-image-preview":"max-image-preview:large","max-video-preview":"max-video-preview:-1"},"og_locale":"de_DE","og_type":"article","og_title":"RXK - AML\/CFP-Richtlinie","og_description":"RXK sorgt f\u00fcr Ihre Sicherheit beim Trading. Deshalb erkl\u00e4ren wir Ihnen ausf\u00fchrlich unsere Anti-Geldw\u00e4sche- und CFP-Richtlinien.","og_url":"https:\/\/rxkcapital.rudetings.com\/de\/aml-and-cft-policy\/","og_site_name":"staging.rxkcapital.com","article_modified_time":"2022-10-07T12:37:36+00:00","twitter_card":"summary_large_image","twitter_title":"RXK - AML\/CFP-Richtlinie","twitter_description":"RXK sorgt f\u00fcr Ihre Sicherheit beim Trading. Deshalb erkl\u00e4ren wir Ihnen ausf\u00fchrlich unsere Anti-Geldw\u00e4sche- und CFP-Richtlinien.","schema":{"@context":"https:\/\/schema.org","@graph":[{"@type":"WebPage","@id":"https:\/\/rxkcapital.rudetings.com\/de\/aml-and-cft-policy\/","url":"https:\/\/rxkcapital.rudetings.com\/de\/aml-and-cft-policy\/","name":"RXK - AML\/CFP-Richtlinie","isPartOf":{"@id":"https:\/\/rxkcapital.rudetings.com\/#website"},"datePublished":"2022-09-21T12:37:22+00:00","dateModified":"2022-10-07T12:37:36+00:00","description":"RXK sorgt f\u00fcr Ihre Sicherheit beim Trading. Deshalb erkl\u00e4ren wir Ihnen ausf\u00fchrlich unsere Anti-Geldw\u00e4sche- und CFP-Richtlinien.","breadcrumb":{"@id":"https:\/\/rxkcapital.rudetings.com\/de\/aml-and-cft-policy\/#breadcrumb"},"inLanguage":"de","potentialAction":[{"@type":"ReadAction","target":["https:\/\/rxkcapital.rudetings.com\/de\/aml-and-cft-policy\/"]}]},{"@type":"BreadcrumbList","@id":"https:\/\/rxkcapital.rudetings.com\/de\/aml-and-cft-policy\/#breadcrumb","itemListElement":[{"@type":"ListItem","position":1,"name":"Home","item":"https:\/\/rxkcapital.rudetings.com\/de\/"},{"@type":"ListItem","position":2,"name":"AML &#038; CFT Policy"}]},{"@type":"WebSite","@id":"https:\/\/rxkcapital.rudetings.com\/#website","url":"https:\/\/rxkcapital.rudetings.com\/","name":"staging.rxkcapital.com","description":"Just another WordPress site","potentialAction":[{"@type":"SearchAction","target":{"@type":"EntryPoint","urlTemplate":"https:\/\/rxkcapital.rudetings.com\/?s={search_term_string}"},"query-input":"required name=search_term_string"}],"inLanguage":"de"}]}},"_links":{"self":[{"href":"https:\/\/rxkcapital.rudetings.com\/de\/wp-json\/wp\/v2\/pages\/1703","targetHints":{"allow":["GET"]}}],"collection":[{"href":"https:\/\/rxkcapital.rudetings.com\/de\/wp-json\/wp\/v2\/pages"}],"about":[{"href":"https:\/\/rxkcapital.rudetings.com\/de\/wp-json\/wp\/v2\/types\/page"}],"author":[{"embeddable":true,"href":"https:\/\/rxkcapital.rudetings.com\/de\/wp-json\/wp\/v2\/users\/1"}],"replies":[{"embeddable":true,"href":"https:\/\/rxkcapital.rudetings.com\/de\/wp-json\/wp\/v2\/comments?post=1703"}],"version-history":[{"count":0,"href":"https:\/\/rxkcapital.rudetings.com\/de\/wp-json\/wp\/v2\/pages\/1703\/revisions"}],"wp:attachment":[{"href":"https:\/\/rxkcapital.rudetings.com\/de\/wp-json\/wp\/v2\/media?parent=1703"}],"curies":[{"name":"wp","href":"https:\/\/api.w.org\/{rel}","templated":true}]}}